{"id":92,"date":"2017-07-21T13:03:39","date_gmt":"2017-07-21T13:03:39","guid":{"rendered":"http:\/\/www.lmp.uni-saarland.de\/?page_id=92"},"modified":"2017-08-03T09:13:04","modified_gmt":"2017-08-03T09:13:04","slug":"prof-dr-martin-muser","status":"publish","type":"page","link":"https:\/\/www.lmp.uni-saarland.de\/index.php\/group\/prof-dr-martin-muser\/","title":{"rendered":"Prof. Dr. Martin M\u00fcser"},"content":{"rendered":"<p><a href=\"https:\/\/www.lmp.uni-saarland.de\/wp-content\/uploads\/2017\/07\/ProfMueser1.jpg\"><img loading=\"lazy\" decoding=\"async\" title=\"Prof. Dr. M\u00fcser\" src=\"https:\/\/www.lmp.uni-saarland.de\/wp-content\/uploads\/2017\/07\/ProfMueser1.jpg\" alt=\"Prof. Dr. M\u00fcser\" width=\"316\" height=\"210\" \/><\/a><\/p>\n<p>Professor Martin M\u00fcser studierte Physik an der Rheinisch-Westf\u00e4lischen Technischen Hochschule Aachen und legte nach einem Austausch-Stipendium am INSA Lyon sein Examen als Diplom-Physiker im Fach Experimentalphysik in Saarbr\u00fccken ab. In der Arbeitsgruppe von Prof. Dr. Kurt Binder (Tr\u00e4ger der Max-Planck-Medaille) promovierte er 1995 an der Johannes Gutenberg-Universit\u00e4t Mainz in theoretischer Physik \u00fcber quantenmechanische Simulationen von Kristallen und Gl\u00e4sern. Im Anschluss daran verbrachte er als Feodor Lynen Stipendiat der Alexander von Humboldt Stiftung zwei Jahre am Department of Chemistry an der Columbia University in New York City, bevor er an der Johns Hopkins University in Baltimore 1998 sein derzeitiges Arbeitsgebiet &#8220;Simulation von Nichtgleichgewichtsprozessen&#8221; aufnahm. Nach seiner R\u00fcckkehr nach Deutschland habilitierte er sich 2002 mit einer Arbeit zum Thema &#8220;Simulation und Theorie zur Reibung zwischen Festk\u00f6rpern&#8221; am Institut f\u00fcr theoretische Physik an der Universit\u00e4t Mainz. Im gleichen Jahr erhielt er einen Ruf an das Department of Applied Mathematics an der University of Western Ontario in London (Kanada). Dort widmete er sich chemisch realistischen Simulationen von Materialien in extremen Bedingungen, insbesondere unter hohem Druck. Seine Arbeiten, die zu zahlreichen Ver\u00f6ffentlichungen f\u00fchrten, wurden mit dem Young Innovator Award von Petro Canada, dem Premier Research Excellence Award des Ministeriums f\u00fcr Energie des Bundesstaates Ontario ausgezeichnet. Professor M\u00fcser wurde dar\u00fcber hinaus an seiner Universit\u00e4t als Distinguished Faculty geehrt.<br \/>\n<a href=\" https:\/\/www.lmp.uni-saarland.de\/index.php\/group\/\">Back to overview<\/a><\/p>\n","protected":false},"excerpt":{"rendered":"<p>Professor Martin M\u00fcser studierte Physik an der Rheinisch-Westf\u00e4lischen Technischen Hochschule Aachen und legte nach einem Austausch-Stipendium am INSA Lyon sein Examen als Diplom-Physiker im Fach Experimentalphysik in Saarbr\u00fccken ab. In der Arbeitsgruppe von Prof. Dr. Kurt Binder (Tr\u00e4ger der Max-Planck-Medaille) promovierte er 1995 an der Johannes Gutenberg-Universit\u00e4t Mainz in theoretischer Physik \u00fcber quantenmechanische Simulationen von &hellip; <a href=\"https:\/\/www.lmp.uni-saarland.de\/index.php\/group\/prof-dr-martin-muser\/\" class=\"more-link\">Continue reading <span class=\"screen-reader-text\">Prof. Dr. Martin M\u00fcser<\/span><\/a><\/p>\n","protected":false},"author":1,"featured_media":0,"parent":23,"menu_order":0,"comment_status":"closed","ping_status":"closed","template":"","meta":{"footnotes":""},"class_list":["post-92","page","type-page","status-publish","hentry"],"_links":{"self":[{"href":"https:\/\/www.lmp.uni-saarland.de\/index.php\/wp-json\/wp\/v2\/pages\/92","targetHints":{"allow":["GET"]}}],"collection":[{"href":"https:\/\/www.lmp.uni-saarland.de\/index.php\/wp-json\/wp\/v2\/pages"}],"about":[{"href":"https:\/\/www.lmp.uni-saarland.de\/index.php\/wp-json\/wp\/v2\/types\/page"}],"author":[{"embeddable":true,"href":"https:\/\/www.lmp.uni-saarland.de\/index.php\/wp-json\/wp\/v2\/users\/1"}],"replies":[{"embeddable":true,"href":"https:\/\/www.lmp.uni-saarland.de\/index.php\/wp-json\/wp\/v2\/comments?post=92"}],"version-history":[{"count":5,"href":"https:\/\/www.lmp.uni-saarland.de\/index.php\/wp-json\/wp\/v2\/pages\/92\/revisions"}],"predecessor-version":[{"id":183,"href":"https:\/\/www.lmp.uni-saarland.de\/index.php\/wp-json\/wp\/v2\/pages\/92\/revisions\/183"}],"up":[{"embeddable":true,"href":"https:\/\/www.lmp.uni-saarland.de\/index.php\/wp-json\/wp\/v2\/pages\/23"}],"wp:attachment":[{"href":"https:\/\/www.lmp.uni-saarland.de\/index.php\/wp-json\/wp\/v2\/media?parent=92"}],"curies":[{"name":"wp","href":"https:\/\/api.w.org\/{rel}","templated":true}]}}