{"id":2843,"date":"2025-07-21T14:14:52","date_gmt":"2025-07-21T14:14:52","guid":{"rendered":"https:\/\/www.lmp.uni-saarland.de\/?page_id=2843"},"modified":"2025-07-21T14:17:15","modified_gmt":"2025-07-21T14:17:15","slug":"wissenschaftliche-datenverarbeitung-2-ws-2025-26","status":"publish","type":"page","link":"https:\/\/www.lmp.uni-saarland.de\/index.php\/wissenschaftliche-datenverarbeitung-2-ws-2025-26\/","title":{"rendered":"Wissenschaftliche Datenverarbeitung 2 WS 2025\/26"},"content":{"rendered":"\n<p>Vorlesung \/ \u00dcbung<br>Wintersemester 2025\/26<br>Vorlesung: Mo. 12-14 Uhr, Geb\u00e4ude C4 3 &#8211; Kleiner H\u00f6rsaal II (Raum 0.03)<br>\u00dcbung: Mi. 12-14 Uhr, Geb\u00e4ude C6 4 &#8211; H\u00f6rsaal I (0.08)<br>Univ.-Professor Dr. rer. nat. Martin M\u00fcser<\/p>\n\n\n\n<p><strong>Wir starten mit der Vorlesung in der 1. Woche am Mittwoch, den 15.10.2025.<\/strong><\/p>\n\n\n\n<p>Der Kurs wird \u00fcber MS Teams koordiniert. Informationen zur Einschreibung finden Sie im <a href=\"https:\/\/www.lsf.uni-saarland.de\/qisserver\/rds?state=verpublish&amp;status=init&amp;vmfile=no&amp;publishid=159759&amp;moduleCall=webInfo&amp;publishConfFile=webInfo&amp;publishSubDir=veranstaltung\" target=\"_blank\" rel=\"noreferrer noopener\">LSF<\/a>.<\/p>\n\n\n\n<p><\/p>\n","protected":false},"excerpt":{"rendered":"<p>Vorlesung \/ \u00dcbungWintersemester 2025\/26Vorlesung: Mo. 12-14 Uhr, Geb\u00e4ude C4 3 &#8211; Kleiner H\u00f6rsaal II (Raum 0.03)\u00dcbung: Mi. 12-14 Uhr, Geb\u00e4ude C6 4 &#8211; H\u00f6rsaal I (0.08)Univ.-Professor Dr. rer. nat. Martin M\u00fcser Wir starten mit der Vorlesung in der 1. Woche am Mittwoch, den 15.10.2025. Der Kurs wird \u00fcber MS Teams koordiniert. Informationen zur Einschreibung finden &hellip; <a href=\"https:\/\/www.lmp.uni-saarland.de\/index.php\/wissenschaftliche-datenverarbeitung-2-ws-2025-26\/\" class=\"more-link\">Continue reading <span class=\"screen-reader-text\">Wissenschaftliche Datenverarbeitung 2 WS 2025\/26<\/span><\/a><\/p>\n","protected":false},"author":1,"featured_media":0,"parent":0,"menu_order":0,"comment_status":"closed","ping_status":"closed","template":"","meta":{"footnotes":""},"class_list":["post-2843","page","type-page","status-publish","hentry"],"_links":{"self":[{"href":"https:\/\/www.lmp.uni-saarland.de\/index.php\/wp-json\/wp\/v2\/pages\/2843","targetHints":{"allow":["GET"]}}],"collection":[{"href":"https:\/\/www.lmp.uni-saarland.de\/index.php\/wp-json\/wp\/v2\/pages"}],"about":[{"href":"https:\/\/www.lmp.uni-saarland.de\/index.php\/wp-json\/wp\/v2\/types\/page"}],"author":[{"embeddable":true,"href":"https:\/\/www.lmp.uni-saarland.de\/index.php\/wp-json\/wp\/v2\/users\/1"}],"replies":[{"embeddable":true,"href":"https:\/\/www.lmp.uni-saarland.de\/index.php\/wp-json\/wp\/v2\/comments?post=2843"}],"version-history":[{"count":2,"href":"https:\/\/www.lmp.uni-saarland.de\/index.php\/wp-json\/wp\/v2\/pages\/2843\/revisions"}],"predecessor-version":[{"id":2855,"href":"https:\/\/www.lmp.uni-saarland.de\/index.php\/wp-json\/wp\/v2\/pages\/2843\/revisions\/2855"}],"wp:attachment":[{"href":"https:\/\/www.lmp.uni-saarland.de\/index.php\/wp-json\/wp\/v2\/media?parent=2843"}],"curies":[{"name":"wp","href":"https:\/\/api.w.org\/{rel}","templated":true}]}}