{"id":2755,"date":"2025-03-18T16:52:16","date_gmt":"2025-03-18T16:52:16","guid":{"rendered":"https:\/\/www.lmp.uni-saarland.de\/?page_id=2755"},"modified":"2025-03-18T16:55:44","modified_gmt":"2025-03-18T16:55:44","slug":"mathematik-fur-mwwt-3-ss-2025","status":"publish","type":"page","link":"https:\/\/www.lmp.uni-saarland.de\/index.php\/mathematik-fur-mwwt-3-ss-2025\/","title":{"rendered":"Mathematik f\u00fcr MWWT 3 SS 2025"},"content":{"rendered":"<div class=\"wp-block-image\">\n<figure class=\"alignleft is-resized\"><img decoding=\"async\" src=\"https:\/\/www.lmp.uni-saarland.de\/wp-content\/uploads\/2018\/04\/Fourier.png\" alt=\"\" class=\"wp-image-207\" style=\"width:214px;height:auto\"\/><\/figure><\/div>\n\n\n<p>Vorlesung \/ \u00dcbung<br>Sommersemester 2024<br>\u00dcbung: Mo. 16:00-18:00 Uhr, C6 4 &#8211; H\u00f6rsaal I (0.08)<br>Vorlesung: Di. 14:00-16:00 Uhr, C6 4 &#8211; H\u00f6rsaal I (0.08)<br>Vorlesung: Do. 12:00-14:00 Uhr, C6 4 &#8211; H\u00f6rsaal I (0.08)<br>Univ.-Professor Dr. rer. nat. Martin M\u00fcser<\/p>\n\n\n\n<p>Der Kurs wird \u00fcber MS Teams koordiniert. Informationen zur Einschreibung finden Sie im <a href=\"https:\/\/www.lsf.uni-saarland.de\/qisserver\/rds?state=verpublish&amp;status=init&amp;vmfile=no&amp;moduleCall=webInfo&amp;publishConfFile=webInfo&amp;publishSubDir=veranstaltung&amp;veranstaltung.veranstid=157532\" target=\"_blank\" rel=\"noreferrer noopener\">LSF<\/a>.<\/p>\n\n\n\n<p><\/p>\n","protected":false},"excerpt":{"rendered":"<p>Vorlesung \/ \u00dcbungSommersemester 2024\u00dcbung: Mo. 16:00-18:00 Uhr, C6 4 &#8211; H\u00f6rsaal I (0.08)Vorlesung: Di. 14:00-16:00 Uhr, C6 4 &#8211; H\u00f6rsaal I (0.08)Vorlesung: Do. 12:00-14:00 Uhr, C6 4 &#8211; H\u00f6rsaal I (0.08)Univ.-Professor Dr. rer. nat. Martin M\u00fcser Der Kurs wird \u00fcber MS Teams koordiniert. Informationen zur Einschreibung finden Sie im LSF.<\/p>\n","protected":false},"author":1,"featured_media":0,"parent":0,"menu_order":0,"comment_status":"closed","ping_status":"closed","template":"","meta":{"footnotes":""},"class_list":["post-2755","page","type-page","status-publish","hentry"],"_links":{"self":[{"href":"https:\/\/www.lmp.uni-saarland.de\/index.php\/wp-json\/wp\/v2\/pages\/2755","targetHints":{"allow":["GET"]}}],"collection":[{"href":"https:\/\/www.lmp.uni-saarland.de\/index.php\/wp-json\/wp\/v2\/pages"}],"about":[{"href":"https:\/\/www.lmp.uni-saarland.de\/index.php\/wp-json\/wp\/v2\/types\/page"}],"author":[{"embeddable":true,"href":"https:\/\/www.lmp.uni-saarland.de\/index.php\/wp-json\/wp\/v2\/users\/1"}],"replies":[{"embeddable":true,"href":"https:\/\/www.lmp.uni-saarland.de\/index.php\/wp-json\/wp\/v2\/comments?post=2755"}],"version-history":[{"count":4,"href":"https:\/\/www.lmp.uni-saarland.de\/index.php\/wp-json\/wp\/v2\/pages\/2755\/revisions"}],"predecessor-version":[{"id":2775,"href":"https:\/\/www.lmp.uni-saarland.de\/index.php\/wp-json\/wp\/v2\/pages\/2755\/revisions\/2775"}],"wp:attachment":[{"href":"https:\/\/www.lmp.uni-saarland.de\/index.php\/wp-json\/wp\/v2\/media?parent=2755"}],"curies":[{"name":"wp","href":"https:\/\/api.w.org\/{rel}","templated":true}]}}