{"id":2743,"date":"2025-03-18T16:47:22","date_gmt":"2025-03-18T16:47:22","guid":{"rendered":"https:\/\/www.lmp.uni-saarland.de\/?page_id=2743"},"modified":"2025-03-18T16:54:30","modified_gmt":"2025-03-18T16:54:30","slug":"wissenschaftliche-datenverarbeitung-1-ss-2025","status":"publish","type":"page","link":"https:\/\/www.lmp.uni-saarland.de\/index.php\/wissenschaftliche-datenverarbeitung-1-ss-2025\/","title":{"rendered":"Wissenschaftliche Datenverarbeitung 1 SS 2025"},"content":{"rendered":"<div class=\"wp-block-image\">\n<figure class=\"alignleft size-full\"><img loading=\"lazy\" decoding=\"async\" width=\"200\" height=\"144\" src=\"https:\/\/www.lmp.uni-saarland.de\/wp-content\/uploads\/2020\/03\/200px-Taylor_Approximation_of_sinx.jpeg\" alt=\"\" class=\"wp-image-2101\"\/><\/figure><\/div>\n\n\n<p>Vorlesung \/ \u00dcbung<br>Sommersemester 2025<br>Vorlesung: Di. 8:30-10:00 Uhr, C6 4 &#8211; H\u00f6rsaal I (0.08)<br>\u00dcbung: Fr. 14:00-16:00 Uhr, C6 4 &#8211; H\u00f6rsaal II (0.09)<br>Univ.-Professor Dr. rer. nat. Martin M\u00fcser<\/p>\n\n\n\n<p>Der Kurs wird \u00fcber MS Teams koordiniert. Informationen zur Einschreibung finden Sie im <a href=\"https:\/\/www.lsf.uni-saarland.de\/qisserver\/rds?state=verpublish&amp;status=init&amp;vmfile=no&amp;moduleCall=webInfo&amp;publishConfFile=webInfo&amp;publishSubDir=veranstaltung&amp;veranstaltung.veranstid=157530\" target=\"_blank\" rel=\"noreferrer noopener\">LSF<\/a>.<\/p>\n","protected":false},"excerpt":{"rendered":"<p>Vorlesung \/ \u00dcbungSommersemester 2025Vorlesung: Di. 8:30-10:00 Uhr, C6 4 &#8211; H\u00f6rsaal I (0.08)\u00dcbung: Fr. 14:00-16:00 Uhr, C6 4 &#8211; H\u00f6rsaal II (0.09)Univ.-Professor Dr. rer. nat. Martin M\u00fcser Der Kurs wird \u00fcber MS Teams koordiniert. Informationen zur Einschreibung finden Sie im LSF.<\/p>\n","protected":false},"author":1,"featured_media":0,"parent":0,"menu_order":0,"comment_status":"closed","ping_status":"closed","template":"","meta":{"footnotes":""},"class_list":["post-2743","page","type-page","status-publish","hentry"],"_links":{"self":[{"href":"https:\/\/www.lmp.uni-saarland.de\/index.php\/wp-json\/wp\/v2\/pages\/2743","targetHints":{"allow":["GET"]}}],"collection":[{"href":"https:\/\/www.lmp.uni-saarland.de\/index.php\/wp-json\/wp\/v2\/pages"}],"about":[{"href":"https:\/\/www.lmp.uni-saarland.de\/index.php\/wp-json\/wp\/v2\/types\/page"}],"author":[{"embeddable":true,"href":"https:\/\/www.lmp.uni-saarland.de\/index.php\/wp-json\/wp\/v2\/users\/1"}],"replies":[{"embeddable":true,"href":"https:\/\/www.lmp.uni-saarland.de\/index.php\/wp-json\/wp\/v2\/comments?post=2743"}],"version-history":[{"count":3,"href":"https:\/\/www.lmp.uni-saarland.de\/index.php\/wp-json\/wp\/v2\/pages\/2743\/revisions"}],"predecessor-version":[{"id":2771,"href":"https:\/\/www.lmp.uni-saarland.de\/index.php\/wp-json\/wp\/v2\/pages\/2743\/revisions\/2771"}],"wp:attachment":[{"href":"https:\/\/www.lmp.uni-saarland.de\/index.php\/wp-json\/wp\/v2\/media?parent=2743"}],"curies":[{"name":"wp","href":"https:\/\/api.w.org\/{rel}","templated":true}]}}