{"id":2733,"date":"2025-03-18T16:43:42","date_gmt":"2025-03-18T16:43:42","guid":{"rendered":"https:\/\/www.lmp.uni-saarland.de\/?page_id=2733"},"modified":"2025-03-18T16:54:03","modified_gmt":"2025-03-18T16:54:03","slug":"physik-ii-fur-mwwt-ss-2025","status":"publish","type":"page","link":"https:\/\/www.lmp.uni-saarland.de\/index.php\/physik-ii-fur-mwwt-ss-2025\/","title":{"rendered":"Physik II f\u00fcr MWWT SS 2025"},"content":{"rendered":"<div class=\"wp-block-image\">\n<figure class=\"alignleft is-resized\"><img decoding=\"async\" src=\"https:\/\/www.lmp.uni-saarland.de\/wp-content\/uploads\/2018\/04\/RLC_Parallel_Circuit.png\" alt=\"\" class=\"wp-image-207\" style=\"width:177px;height:auto\"\/><\/figure><\/div>\n\n\n<p>Vorlesung \/ \u00dcbung<br>Sommersemester 2025<br>Vorlesung: Mo. 14:00-16:00 Uhr, C6 4 &#8211; H\u00f6rsaal I (0.08)<br>\u00dcbung: Fr. 12:00-14:00 Uhr, C6 4 &#8211; H\u00f6rsaal I (0.08)<br>Univ.-Professor Dr. rer. nat. Martin M\u00fcser<\/p>\n\n\n\n<p>Der Kurs wird \u00fcber MS Teams koordiniert. Informationen zur Einschreibung finden Sie im <a href=\"https:\/\/www.lsf.uni-saarland.de\/qisserver\/rds?state=verpublish&amp;status=init&amp;vmfile=no&amp;moduleCall=webInfo&amp;publishConfFile=webInfo&amp;publishSubDir=veranstaltung&amp;veranstaltung.veranstid=157529\" target=\"_blank\" rel=\"noreferrer noopener\">LSF<\/a>.<\/p>\n","protected":false},"excerpt":{"rendered":"<p>Vorlesung \/ \u00dcbungSommersemester 2025Vorlesung: Mo. 14:00-16:00 Uhr, C6 4 &#8211; H\u00f6rsaal I (0.08)\u00dcbung: Fr. 12:00-14:00 Uhr, C6 4 &#8211; H\u00f6rsaal I (0.08)Univ.-Professor Dr. rer. nat. Martin M\u00fcser Der Kurs wird \u00fcber MS Teams koordiniert. Informationen zur Einschreibung finden Sie im LSF.<\/p>\n","protected":false},"author":1,"featured_media":0,"parent":0,"menu_order":0,"comment_status":"closed","ping_status":"closed","template":"","meta":{"footnotes":""},"class_list":["post-2733","page","type-page","status-publish","hentry"],"_links":{"self":[{"href":"https:\/\/www.lmp.uni-saarland.de\/index.php\/wp-json\/wp\/v2\/pages\/2733","targetHints":{"allow":["GET"]}}],"collection":[{"href":"https:\/\/www.lmp.uni-saarland.de\/index.php\/wp-json\/wp\/v2\/pages"}],"about":[{"href":"https:\/\/www.lmp.uni-saarland.de\/index.php\/wp-json\/wp\/v2\/types\/page"}],"author":[{"embeddable":true,"href":"https:\/\/www.lmp.uni-saarland.de\/index.php\/wp-json\/wp\/v2\/users\/1"}],"replies":[{"embeddable":true,"href":"https:\/\/www.lmp.uni-saarland.de\/index.php\/wp-json\/wp\/v2\/comments?post=2733"}],"version-history":[{"count":7,"href":"https:\/\/www.lmp.uni-saarland.de\/index.php\/wp-json\/wp\/v2\/pages\/2733\/revisions"}],"predecessor-version":[{"id":2769,"href":"https:\/\/www.lmp.uni-saarland.de\/index.php\/wp-json\/wp\/v2\/pages\/2733\/revisions\/2769"}],"wp:attachment":[{"href":"https:\/\/www.lmp.uni-saarland.de\/index.php\/wp-json\/wp\/v2\/media?parent=2733"}],"curies":[{"name":"wp","href":"https:\/\/api.w.org\/{rel}","templated":true}]}}