{"id":2669,"date":"2024-10-07T13:01:38","date_gmt":"2024-10-07T13:01:38","guid":{"rendered":"https:\/\/www.lmp.uni-saarland.de\/?page_id=2669"},"modified":"2024-10-11T11:42:55","modified_gmt":"2024-10-11T11:42:55","slug":"wissenschaftliche-datenverarbeitung-2-ws-2024-2025","status":"publish","type":"page","link":"https:\/\/www.lmp.uni-saarland.de\/index.php\/wissenschaftliche-datenverarbeitung-2-ws-2024-2025\/","title":{"rendered":"Wissenschaftliche Datenverarbeitung 2 WS 2024\/25"},"content":{"rendered":"\n<p>Vorlesung \/ \u00dcbung<br>Wintersemester 2024\/25<br>Vorlesung: Mo. 12-14 Uhr, Geb\u00e4ude C6 3 &#8211; Seminarraum 2.10<br>\u00dcbung: Mi. 12-14 Uhr, Geb\u00e4ude C6 3 &#8211; Seminarraum 2.10<br>Univ.-Professor Dr. rer. nat. Martin M\u00fcser<\/p>\n\n\n\n<p><strong>Wir starten mit der Vorlesung in der 1. Woche am Mittwoch, den 16.10.2024.<\/strong><\/p>\n\n\n\n<p>Der Kurs wird \u00fcber MS Teams koordiniert. Informationen zur Einschreibung finden Sie im <a href=\"https:\/\/www.lsf.uni-saarland.de\/qisserver\/rds?state=verpublish&amp;status=init&amp;vmfile=no&amp;moduleCall=webInfo&amp;publishConfFile=webInfo&amp;publishSubDir=veranstaltung&amp;veranstaltung.veranstid=154304\" target=\"_blank\" rel=\"noreferrer noopener\">LSF<\/a>.<\/p>\n\n\n\n<p><\/p>\n","protected":false},"excerpt":{"rendered":"<p>Vorlesung \/ \u00dcbungWintersemester 2024\/25Vorlesung: Mo. 12-14 Uhr, Geb\u00e4ude C6 3 &#8211; Seminarraum 2.10\u00dcbung: Mi. 12-14 Uhr, Geb\u00e4ude C6 3 &#8211; Seminarraum 2.10Univ.-Professor Dr. rer. nat. Martin M\u00fcser Wir starten mit der Vorlesung in der 1. Woche am Mittwoch, den 16.10.2024. Der Kurs wird \u00fcber MS Teams koordiniert. Informationen zur Einschreibung finden Sie im LSF.<\/p>\n","protected":false},"author":1,"featured_media":0,"parent":0,"menu_order":0,"comment_status":"closed","ping_status":"closed","template":"","meta":{"footnotes":""},"class_list":["post-2669","page","type-page","status-publish","hentry"],"_links":{"self":[{"href":"https:\/\/www.lmp.uni-saarland.de\/index.php\/wp-json\/wp\/v2\/pages\/2669","targetHints":{"allow":["GET"]}}],"collection":[{"href":"https:\/\/www.lmp.uni-saarland.de\/index.php\/wp-json\/wp\/v2\/pages"}],"about":[{"href":"https:\/\/www.lmp.uni-saarland.de\/index.php\/wp-json\/wp\/v2\/types\/page"}],"author":[{"embeddable":true,"href":"https:\/\/www.lmp.uni-saarland.de\/index.php\/wp-json\/wp\/v2\/users\/1"}],"replies":[{"embeddable":true,"href":"https:\/\/www.lmp.uni-saarland.de\/index.php\/wp-json\/wp\/v2\/comments?post=2669"}],"version-history":[{"count":7,"href":"https:\/\/www.lmp.uni-saarland.de\/index.php\/wp-json\/wp\/v2\/pages\/2669\/revisions"}],"predecessor-version":[{"id":2699,"href":"https:\/\/www.lmp.uni-saarland.de\/index.php\/wp-json\/wp\/v2\/pages\/2669\/revisions\/2699"}],"wp:attachment":[{"href":"https:\/\/www.lmp.uni-saarland.de\/index.php\/wp-json\/wp\/v2\/media?parent=2669"}],"curies":[{"name":"wp","href":"https:\/\/api.w.org\/{rel}","templated":true}]}}